{"id":393,"date":"2017-10-30T10:52:55","date_gmt":"2017-10-30T08:52:55","guid":{"rendered":"http:\/\/ceccarbrasov.ro\/?page_id=393"},"modified":"2023-06-27T09:30:56","modified_gmt":"2023-06-27T07:30:56","slug":"regulament-de-organizare-si-functionare","status":"publish","type":"page","link":"https:\/\/ceccarbucuresti.ro\/ro\/legislatie\/reglementari-ceccar\/regulament-de-organizare-si-functionare\/","title":{"rendered":"Regulamentul de organizare \u015fi func\u0163ionare a Corpului Exper\u0163ilor Contabili \u015fi Contabililor Autoriza\u0163i din Rom\u00e2nia[1]"},"content":{"rendered":"<section   class=\"fw-main-row  auto  fw-section-position-back\"    >\n\t\t\t<div class=\"fw-container\" >\n\t\t<div class=\"fw-row\">\n\t<div id=\"column-69e3836bd117a\" class=\"fw-col-sm-12 tf-sh-4bf7de7076824fb4c351a6d1039d0743\" >\n\t<div class=\"fw-wrap-col-inner clearfix  \"   >\n\t\t\t\t<div class=\"fw-col-inner\">\n\t\t\t<div class=\"fw-text-box tf-sh-b4a496c23a94b122350f1c9e2210e50c \" >\n\t<div class=\"fw-text-inner\">\n\t\t<p><span style=\"font-size: 12pt;\"><strong>Regulamentul de organizare \u015fi func\u0163ionare a Corpului Exper\u0163ilor Contabili \u015fi Contabililor Autoriza\u0163i din Rom\u00e2nia[1]<\/strong><\/span><\/p>\n\t<\/div>\n<\/div><div class=\"fw-divider-space space-sm  clearfix\"  ><\/div><div class=\"fw-text-box tf-sh-e00047239e38b94a4cf7f71b4eab4341 \" >\n\t<div class=\"fw-text-inner\">\n\t\t<p><strong><a href=\"https:\/\/ceccar.ro\/ro\/wp-content\/uploads\/2023\/05\/ROF-CECCAR-modificat-si-completat-prin-HCN-nr.-164-din-4.04.2023-MO-379.pdf\" target=\"_blank\" rel=\"noreferrer noopener\">Regulamentul de organizare \u015fi func\u021bionare a Corpului Exper\u021bilor Contabili \u015fi Contabililor Autoriza\u021bi din Rom\u00e2nia<\/a><\/strong><\/p>\n\t<\/div>\n<\/div>\t\t<\/div>\n\t<\/div>\n<\/div><\/div>\n\n\t<\/div>\n\t<\/section>\n","protected":false},"excerpt":{"rendered":"<p>Regulamentul de organizare \u015fi func\u0163ionare a Corpului Exper\u0163ilor Contabili \u015fi Contabililor Autoriza\u0163i din Rom\u00e2nia[1] Regulamentul de organizare \u015fi func\u021bionare a Corpului Exper\u021bilor Contabili \u015fi Contabililor Autoriza\u021bi din Rom\u00e2nia<\/p>\n","protected":false},"author":1,"featured_media":0,"parent":347,"menu_order":0,"comment_status":"closed","ping_status":"closed","template":"visual-builder-template.php","meta":{"footnotes":""},"class_list":["post-393","page","type-page","status-publish","hentry"],"brizy_media":[],"_links":{"self":[{"href":"https:\/\/ceccarbucuresti.ro\/ro\/wp-json\/wp\/v2\/pages\/393","targetHints":{"allow":["GET"]}}],"collection":[{"href":"https:\/\/ceccarbucuresti.ro\/ro\/wp-json\/wp\/v2\/pages"}],"about":[{"href":"https:\/\/ceccarbucuresti.ro\/ro\/wp-json\/wp\/v2\/types\/page"}],"author":[{"embeddable":true,"href":"https:\/\/ceccarbucuresti.ro\/ro\/wp-json\/wp\/v2\/users\/1"}],"replies":[{"embeddable":true,"href":"https:\/\/ceccarbucuresti.ro\/ro\/wp-json\/wp\/v2\/comments?post=393"}],"version-history":[{"count":15,"href":"https:\/\/ceccarbucuresti.ro\/ro\/wp-json\/wp\/v2\/pages\/393\/revisions"}],"predecessor-version":[{"id":11291,"href":"https:\/\/ceccarbucuresti.ro\/ro\/wp-json\/wp\/v2\/pages\/393\/revisions\/11291"}],"up":[{"embeddable":true,"href":"https:\/\/ceccarbucuresti.ro\/ro\/wp-json\/wp\/v2\/pages\/347"}],"wp:attachment":[{"href":"https:\/\/ceccarbucuresti.ro\/ro\/wp-json\/wp\/v2\/media?parent=393"}],"curies":[{"name":"wp","href":"https:\/\/api.w.org\/{rel}","templated":true}]}}