{"id":363,"date":"2017-10-30T10:24:52","date_gmt":"2017-10-30T08:24:52","guid":{"rendered":"http:\/\/ceccarbrasov.ro\/?page_id=363"},"modified":"2025-01-09T15:05:39","modified_gmt":"2025-01-09T12:05:39","slug":"infoutile","status":"publish","type":"page","link":"https:\/\/ceccarbucuresti.ro\/ro\/comunicari\/infoutile\/","title":{"rendered":"Informa\u0163ii utile"},"content":{"rendered":"<section   class=\"fw-main-row  auto  fw-section-position-back\"    >\n\t\t\t<div class=\"fw-container\" >\n\t\t<div class=\"fw-row\">\n\t<div id=\"column-69e34ef17409c\" class=\"fw-col-sm-12 tf-sh-4bf7de7076824fb4c351a6d1039d0743\" >\n\t<div class=\"fw-wrap-col-inner clearfix  \"   >\n\t\t\t\t<div class=\"fw-col-inner\">\n\t\t\t<div class=\"fw-text-box tf-sh-b4a496c23a94b122350f1c9e2210e50c \" >\n\t<div class=\"fw-text-inner\">\n\t\t<p><strong>Informa\u021bii utile<\/strong><\/p>\n\t<\/div>\n<\/div><div class=\"fw-divider-space space-sm  clearfix\"  ><\/div><div class=\"fw-text-box tf-sh-e00047239e38b94a4cf7f71b4eab4341 \" >\n\t<div class=\"fw-text-inner\">\n\t\t<p>&nbsp;<\/p>\n<p style=\"text-align: center;\"><span style=\"font-family: arial, helvetica, sans-serif;\"><strong>\u00cen aten\u021bia membrilor CECCAR Filiala Bucure\u0219ti,<\/strong><strong><br \/>care nu au transmis, p\u00e2n\u0103 \u00een acest moment, informa\u021biile necesare confec\u021bion\u0103rii legitima\u021biei de membru<\/strong><\/span><\/p>\n<p><span style=\"font-family: arial, helvetica, sans-serif;\">\u00a0<\/span><\/p>\n<p style=\"text-align: justify;\"><span style=\"font-family: arial, helvetica, sans-serif;\">Dragi colege &amp; colegi,<\/span><\/p>\n<p><span style=\"font-family: arial, helvetica, sans-serif;\">\u00cen anul 2023 am demarat campania de confec\u021bionare a legitima\u021biilor de membru \u00een format nou, tip card, campanie care continu\u0103 \u0219i \u00een anul 2024, pentru membri CECCAR Filiala Bucure\u0219ti, <strong>care nu au transmis \u00eenc\u0103 informa\u021biile necesare confec\u021bion\u0103rii legitima\u021biei.<\/strong><\/span><\/p>\n<p><span style=\"font-family: arial, helvetica, sans-serif;\">Astfel, \u00een vederea confec\u021bion\u0103rii legitima\u021biei tip card, v\u0103 rug\u0103m s\u0103 completa\u021bi informa\u021biile necesare prin accesarea urm\u0103torului link: <a href=\"http:\/\/track.smbcl.com\/click\/2796694\/35670794\/3315\/j5yc\/d750090cb8\/\">click aici<\/a>.<\/span><\/p>\n<p><span style=\"font-family: arial, helvetica, sans-serif;\">Informa\u021biile transmise de c\u0103tre dumneavoastr\u0103 pentru confec\u021bionarea legitima\u021biei vor fi verificate, centralizate \u0219i transmise c\u0103tre confec\u021bionare, urm\u00e2nd ca dup\u0103 confec\u021bionare, s\u0103 primi\u021bi un e-mail de informare, pentru a v\u0103 putea prezenta la sediul CECCAR Filiala Bucure\u0219ti, \u00een vederea prelu\u0103rii acesteia.<\/span><\/p>\n<p>&nbsp;<\/p>\n<hr \/>\n<p>&nbsp;<\/p>\n<hr \/>\n<p style=\"font-weight: 400; text-align: center;\"><span style=\"font-family: arial, helvetica, sans-serif;\"><strong>FACULTATEA DE DREPT \u0218I STIIN\u021aE ECONOMICE - T\u00c2<\/strong><strong>RGU JIU DIN CADRUL UNIVERSIT\u0102\u021aII TITU MAIORESCU - \u00ceNV\u0102\u021a\u0102M\u00c2NT LA NIVEL EUROPEAN<\/strong><\/span><\/p>\n<p style=\"font-weight: 400; text-align: center;\"><span style=\"font-family: arial, helvetica, sans-serif;\"><strong>PENTRU OFERTA EDUCA\u021aIONAL\u0102 - <a href=\"https:\/\/www.utm.ro\/admitere-licenta-facultatea-de-drept-si-stiinte-economice-targu-jiu\/\">click aici<\/a>\u00a0<\/strong><\/span><\/p>\n<hr \/>\n<p style=\"text-align: center;\"><strong>MINISTERUL ECONOMIEI, ENERGIEI \u0218I MEDIULUI DE AFACERI<\/strong><\/p>\n<p style=\"text-align: center;\"><strong>CENTRUL DE PREG\u0102TIRE PENTRU PERSONALUL DIN INDUSTRIE BU\u0218TENI<\/strong><\/p>\n<p>&nbsp;<\/p>\n<p><strong>SISTEMUL ON-LINE DE COMPENSARE DATORII \u0218I CREAN\u021aE ALE PERSOANELOR JURIDICE CU SEDIUL \u00ceN ROM\u00c2NIA (SIC) <\/strong><\/p>\n<p><strong>Avantajele utiliz\u0103rii lui ca \u0219i form\u0103 de stingere a datoriilor \u0219i de recuperare a crean\u021belor, nemonetar, pe baza ordinului de compensare, instrumentul\u00a0 pe plat\u0103 nemonetar -\u00a0<\/strong><strong>Pentru detalii -\u00a0<a href=\"https:\/\/ceccarbucuresti.ro\/ro\/wp-content\/uploads\/2020\/10\/CPPI-FINAL.pdf\">click aici\u00a0<\/a><\/strong><\/p>\n<p>&nbsp;<\/p>\n<p>&nbsp;<\/p>\n<p>&nbsp;<\/p>\n<hr \/>\n<p style=\"text-align: center;\"><strong><u>\u00ceN ATEN\u021aIA MEMBRILOR\u00a0SI STAGIARILOR CECCAR\u00a0FILIALA\u00a0BUCURE\u0218TI<\/u><\/strong><\/p>\n<p>Av\u00e2nd \u00een vedere contextul actual, recomand\u0103rile privind distan\u021barea social\u0103 \u0219i respectarea m\u0103surilor sanitare pentru evitarea r\u0103sp\u00e2ndirii virusului COVID-19, v\u0103 reamintim c\u0103 pentru orice comunicare cu\u00a0CECCAR\u00a0Filiala\u00a0Bucure\u0219ti\u00a0se pot utiliza\u00a0adresele de \u00a0e-mail oficiale disponibile \u00een sec\u021biunea Contact, acces\u00e2nd site-ul \u00a0<a href=\"http:\/\/www.ceccarbucuresti.ro\/\">www.ceccarbucuresti.ro<\/a>.<\/p>\n<p>In cazul in care solicitarea dumneavoastra nu poate fi rezolvata pe calea postei electronice\/e-mail, orice deplasare pe care doriti sa o efectuati la sediul din Strada Intrarea Nestorei, nr. 4-6, sector 4, Bucuresti, trebuie anun\u021bat\u0103 \u0219i programat\u0103 pe adresa de e-mail:\u00a0<a href=\"mailto:ceccarbuc.ro@ceccarbuc.ro\">ceccarbuc.ro@ceccarbuc.ro<\/a>\u00a0cu cel putin o zi \u00eenainte, respectiv data \u0219i ora sosirii, punand in \u201cCC\u201d, acolo unde este cazul, adresa de e-mail spre care ati initiat corespondenta.<\/p>\n<p>Preciz\u0103m pe aceast\u0103 cale c\u0103 activitatea\u00a0CECCAR\u00a0Filiala\u00a0Bucure\u0219ti\u00a0se desf\u0103\u0219oara \u00een condi\u021bii de program normal, cu respectarea m\u0103surilor specifice acestei perioade, fiind \u00een permanen\u021b\u0103 la dispozi\u021bia membrilor.<\/p>\n<p>&nbsp;<\/p>\n<p><strong>Cu stim\u0103,<\/strong><\/p>\n<p>&nbsp;<\/p>\n<p style=\"text-align: center;\"><strong>Pre\u0219edinte\u00a0CECCAR\u00a0Filiala\u00a0Bucure\u0219ti,<\/strong><\/p>\n<p style=\"text-align: center;\"><strong>Andrei Aurel<\/strong><\/p>\n<p>&nbsp;<\/p>\n<hr \/>\n<p style=\"text-align: justify;\"><strong>Stima\u021bi colegi,<\/strong><\/p>\n<p style=\"text-align: justify;\">\u00cen condi\u021biile de \u00eenmul\u021bire a cazurilor de infectare cu virusul Covid-19, v\u0103 solicit\u0103m respectos, pentru contactul cu CECCAR Filiala Bucure\u0219ti, doar \u00een cazul \u00een care solicitarea nu poate fi rezolvat\u0103 electronic, s\u0103 efectua\u021bi o programare pentru prezen\u021ba fizic\u0103 la sediu, pe adresa de email\u00a0<a href=\"mailto:ceccarbuc@ceccarbuc.ro\">ceccarbuc@ceccarbuc.ro<\/a>. Solu\u021bionarea se va realiza \u00een func\u021bie de num\u0103rul solicit\u0103rilor primite, precum \u0219i \u00een ordinea primirii acestora.<\/p>\n<p style=\"text-align: justify;\">Preciz\u0103m pe aceast\u0103 cale c\u0103 activitatea CECCAR Filiala Bucure\u0219ti s-a desf\u0103\u0219urat \u00een condi\u021bii normale, cu respectarea m\u0103surilor specifice acestei perioade, fiind \u00een permanen\u021b\u0103 la dispozi\u021bia membrilor.<\/p>\n<p><strong>Cu stim\u0103,<\/strong><\/p>\n<p><strong>Pre\u0219edinte CECCAR Filiala Bucure\u0219ti,\u00a0\u00a0\u00a0\u00a0\u00a0\u00a0\u00a0\u00a0\u00a0\u00a0\u00a0\u00a0\u00a0\u00a0\u00a0\u00a0\u00a0\u00a0\u00a0\u00a0\u00a0\u00a0\u00a0\u00a0\u00a0\u00a0\u00a0\u00a0\u00a0\u00a0\u00a0\u00a0\u00a0\u00a0\u00a0\u00a0<\/strong><strong><br \/>Andrei Aurel<\/strong><\/p>\n<hr \/>\n<p style=\"text-align: center;\"><span style=\"font-family: arial, helvetica, sans-serif;\"><strong>MINISTERUL ECONOMIEI, ENERGIEI \u0218I MEDIULUI DE AFACERI<\/strong><\/span><\/p>\n<p style=\"text-align: center;\"><span style=\"font-family: arial, helvetica, sans-serif;\"><strong>CENTRUL DE PREG\u0102TIRE PENTRU PERSONALUL DIN INDUSTRIE BU\u0218TENI<\/strong><\/span><\/p>\n<p style=\"text-align: justify;\"><span style=\"font-family: arial, helvetica, sans-serif;\">Centrul de Preg\u0103tire pentru Personalul din Industrie Bu\u0219teni, numit \u00een continuare CPPI, institu\u021bie public\u0103 ce func\u021bioneaz\u0103 \u00een subordinea Ministerului Economiei, Energiei \u0219i Mediului de Afaceri, prin Structura de compensare din cadrul CPPI - Sucursala Bucure\u0219ti, v\u0103 invit\u0103 s\u0103 folosi\u021bi sistemul public de stingere a crean\u021belor cu datoriile rezultate din facturi - SIC.<\/span><\/p>\n<p style=\"text-align: justify;\"><span style=\"font-family: arial, helvetica, sans-serif;\">Folosind SIC ce poate fi accesat la adresa web dedicat\u0103 <a href=\"https:\/\/gama.cppi.ro\">https:\/\/gama.cppi.ro<\/a> , compania dumneavoastr\u0103 poate implementa \u0219i gestiona \u00een siguran\u021b\u0103, legal \u0219i de la distan\u021b\u0103, o strategie eficient\u0103 de gestionare a crean\u021belor \u0219i a datoriilor.<\/span><\/p>\n<p style=\"text-align: justify;\"><span style=\"font-family: arial, helvetica, sans-serif;\">\u00censcrie\u021bi-v\u0103 compania \u00een SIC, \u00eenc\u0103rca\u021bi facturile nepl\u0103tite\/ne\u00eencasate iar noi v\u0103 identific\u0103m \u0219i v\u0103 propunem solu\u021bii.<\/span><\/p>\n<p style=\"text-align: justify;\"><span style=\"font-family: arial, helvetica, sans-serif;\">Dumneavoastr\u0103 doar alege\u021bi solu\u021bia preferat\u0103.<\/span><\/p>\n<p style=\"text-align: justify;\"><span style=\"font-family: arial, helvetica, sans-serif;\">Pentru a putea utiliza sistemul de compensare, te po\u021bi baza pe ajutorul exper\u021bilor no\u0219tri, contact\u00e2ndu-i pe email la adresele: <a href=\"mailto:officebusteni@cppi.ro\">officebusteni@cppi.ro<\/a>, <a href=\"mailto:office@cppi.ro\">office@cppi.ro<\/a>, <a href=\"mailto:serviciulcompensare@cppi.ro\">serviciulcompensare@cppi.ro<\/a>, la numerele de telefon: 0244\/321.034, 021\/413.0604, 0740.460.154, 0722.249.162, 0774.086.290, 0771.211.601, 0788.766.594, 0771.211.997, \u00a00771.211.425.<\/span><\/p>\n<p style=\"text-align: justify;\"><span style=\"font-family: arial, helvetica, sans-serif;\">Pentru informa\u021bii suplimentare accesa\u021bi <a href=\"https:\/\/cppibusteni.weebly.com\/contact.html\">https:\/\/cppibusteni.weebly.com\/contact.html<\/a> .<\/span><\/p>\n<hr \/>\n<p style=\"font-weight: 400; text-align: center;\"><span style=\"font-family: arial, helvetica, sans-serif;\"><strong>FACULTATEA DE DREPT \u0218I STIIN\u021aE ECONOMICE - T\u00c2<\/strong><strong>RGU JIU DIN CADRUL UNIVERSIT\u0102\u021aII TITU MAIORESCU - \u00ceNV\u0102\u021a\u0102M\u00c2NT LA NIVEL EUROPEAN<\/strong><\/span><\/p>\n<p style=\"font-weight: 400; text-align: center;\"><span style=\"font-family: arial, helvetica, sans-serif;\"><strong>PENTRU OFERTA EDUCA\u021aIONAL\u0102 ACCESA\u021aI LINK-UL:\u00a0<\/strong><\/span><\/p>\n<p style=\"font-weight: 400; text-align: center;\"><span style=\"font-family: arial, helvetica, sans-serif;\"><a href=\"https:\/\/www.utm.ro\/facultatea-de-drept-si-stiinte-economice-tg-jiu\/\" data-saferedirecturl=\"https:\/\/www.google.com\/url?q=https:\/\/www.utm.ro\/facultatea-de-drept-si-stiinte-economice-tg-jiu\/&amp;source=gmail&amp;ust=1578766932842000&amp;usg=AFQjCNG-6RTUMIt8pb4i2EyEHv9h7L4cJg\">https:\/\/www.utm.ro\/facultatea-de-drept-si-stiinte-economice-tg-jiu\/<\/a><\/span><\/p>\n\t<\/div>\n<\/div>\t\t<\/div>\n\t<\/div>\n<\/div><\/div>\n\n\t<\/div>\n\t<\/section>\n","protected":false},"excerpt":{"rendered":"<p>Informa\u021bii utile &nbsp; \u00cen aten\u021bia membrilor CECCAR Filiala Bucure\u0219ti,care nu au transmis, p\u00e2n\u0103 \u00een acest moment, informa\u021biile necesare confec\u021bion\u0103rii legitima\u021biei de membru \u00a0 Dragi colege &amp; colegi, \u00cen anul 2023 am demarat campania de confec\u021bionare [&hellip;]<\/p>\n","protected":false},"author":1,"featured_media":0,"parent":361,"menu_order":0,"comment_status":"closed","ping_status":"closed","template":"visual-builder-template.php","meta":{"footnotes":""},"class_list":["post-363","page","type-page","status-publish","hentry"],"brizy_media":[],"_links":{"self":[{"href":"https:\/\/ceccarbucuresti.ro\/ro\/wp-json\/wp\/v2\/pages\/363","targetHints":{"allow":["GET"]}}],"collection":[{"href":"https:\/\/ceccarbucuresti.ro\/ro\/wp-json\/wp\/v2\/pages"}],"about":[{"href":"https:\/\/ceccarbucuresti.ro\/ro\/wp-json\/wp\/v2\/types\/page"}],"author":[{"embeddable":true,"href":"https:\/\/ceccarbucuresti.ro\/ro\/wp-json\/wp\/v2\/users\/1"}],"replies":[{"embeddable":true,"href":"https:\/\/ceccarbucuresti.ro\/ro\/wp-json\/wp\/v2\/comments?post=363"}],"version-history":[{"count":21,"href":"https:\/\/ceccarbucuresti.ro\/ro\/wp-json\/wp\/v2\/pages\/363\/revisions"}],"predecessor-version":[{"id":13132,"href":"https:\/\/ceccarbucuresti.ro\/ro\/wp-json\/wp\/v2\/pages\/363\/revisions\/13132"}],"up":[{"embeddable":true,"href":"https:\/\/ceccarbucuresti.ro\/ro\/wp-json\/wp\/v2\/pages\/361"}],"wp:attachment":[{"href":"https:\/\/ceccarbucuresti.ro\/ro\/wp-json\/wp\/v2\/media?parent=363"}],"curies":[{"name":"wp","href":"https:\/\/api.w.org\/{rel}","templated":true}]}}