{"id":314,"date":"2021-10-15T13:58:18","date_gmt":"2021-10-15T11:58:18","guid":{"rendered":"http:\/\/ceccarbrasov.ro\/?page_id=314"},"modified":"2025-08-04T12:33:06","modified_gmt":"2025-08-04T09:33:06","slug":"dezvoltare-profesionala","status":"publish","type":"page","link":"https:\/\/ceccarbucuresti.ro\/ro\/membri\/sunt-membru-ceccar\/dezvoltare-profesionala\/","title":{"rendered":"Dezvoltare profesional\u0103"},"content":{"rendered":"<section   class=\"fw-main-row  auto  fw-section-position-back\"    >\n\t\t\t<div class=\"fw-container\" >\n\t\t<div class=\"fw-row\">\n\t<div id=\"column-69e363043be03\" class=\"fw-col-sm-12 tf-sh-4bf7de7076824fb4c351a6d1039d0743\" >\n\t<div class=\"fw-wrap-col-inner clearfix  \"   >\n\t\t\t\t<div class=\"fw-col-inner\">\n\t\t\t<div class=\"fw-text-box tf-sh-b4a496c23a94b122350f1c9e2210e50c \" >\n\t<div class=\"fw-text-inner\">\n\t\t<p><strong><span style=\"font-size: 12pt;\">Dezvoltare profesionala<br \/><\/span><\/strong><\/p>\n\t<\/div>\n<\/div><div class=\"fw-divider-space space-sm  clearfix\"  ><\/div>\t\t<\/div>\n\t<\/div>\n<\/div><\/div>\n\n<div class=\"fw-row\">\n\t<div id=\"column-69e363043c8e4\" class=\"fw-col-sm-12 tf-sh-b8308df7bb431d98022e70e5ca13bb73\" >\n\t<div class=\"fw-wrap-col-inner clearfix  \"   >\n\t\t\t\t<div class=\"fw-col-inner\">\n\t\t\t<div class=\"text-center\">\t<a href=\"https:\/\/ceccarbucuresti.ro\/ro\/membri\/sunt-membru-ceccar\/dezvoltare-profesionala\/calendar-cursuri-seminarii-intruniri-profesionale\/\" target=\"_self\" class=\"fw-btn tf-sh-69d6bb1c1c3cf61008ac71ded361b04b  fw-btn-md   fw-btn-1\"  style=\"\">\n\t\t<span >\n\t\t\tCalendar cursuri, seminarii, \u00eentruniri profesionale\t\t<\/span>\n\t<\/a>\n<\/div><div class=\"fw-divider-space space-md  clearfix\"  ><\/div><div class=\"panel-group fw-accordion  tf-sh-8e782fa447cac95b0f8e02c503ace105\"  id=\"accordion-8e782fa447cac95b0f8e02c503ace105\" role=\"tablist\" aria-multiselectable=\"true\">\n\t\t\t<div class=\"panel\">\n\t\t\t<div class=\"panel-heading\" role=\"tab\" id=\"acc-heading-accordion-8e782fa447cac95b0f8e02c503ace105-1\">\n\t\t\t\t<h5 class=\"panel-title\">\n\t\t\t\t\t<a class=\"collapsed\" data-toggle=\"collapse\" data-parent=\"#accordion-8e782fa447cac95b0f8e02c503ace105\" href=\"#acc-tab-accordion-8e782fa447cac95b0f8e02c503ace105-1\" aria-expanded=\"false\" aria-controls=\"acc-tab-accordion-8e782fa447cac95b0f8e02c503ace105-1\">\n\t\t\t\t\t\t Informa\u0163ii utile\t\t\t\t\t<\/a>\n\t\t\t\t<\/h5>\n\t\t\t<\/div>\n\t\t\t<div id=\"acc-tab-accordion-8e782fa447cac95b0f8e02c503ace105-1\" class=\"panel-collapse collapse \" role=\"tabpanel\" aria-labelledby=\"acc-heading-accordion-8e782fa447cac95b0f8e02c503ace105-1\">\n\t\t\t\t<div class=\"panel-body\">\n\t\t\t\t\t<p style=\"font-weight: 400;\"><span style=\"font-family: georgia, palatino, serif;\"><strong>Informare cu privire la preg\u0103tirea profesional\u0103 a membrilor<\/strong><\/span><\/p><p style=\"font-weight: 400;\"><span style=\"font-family: georgia, palatino, serif;\">Referitor la orele de preg\u0103tire profesional\u0103 pentru membri preciz\u0103m faptul c\u0103 din cele 40 ore CPD necesare pentru ob\u021binerea vizei anuale, 20 ore CPD pot fi efectuate \u00een cadrul seminariilor organizate de c\u0103tre filiale, iar restul de 20 ore CPD vor fi efectuate prin participarea la cursurile de preg\u0103tire profesioanal\u0103, prin urmare pentru un membru care particip\u0103 la mai multe seminarii, nu se vor putea recunoa\u0219te mai mult de 20 ore CPD.<\/span><\/p><p style=\"font-weight: 400;\"><span style=\"font-family: georgia, palatino, serif;\">Membri CECCAR pot participa la toate formele de preg\u0103tire \u0219i dup\u0103 efectuarea celor 40 ore CPD, \u00een limita locurilor disponibile stabilite pentru acele activit\u0103\u021bi.<\/span><\/p><p>&nbsp;<\/p><hr \/><p style=\"text-align: justify;\">Potrivit Metodologiei de acordare a vizei anuale pentru exercitarea profesiei, forma actualizat\u0103 cu modific\u0103rile aprobate de plenul Conferin\u0163ei Na\u0163ionale din 30 martie 2019, art.3 lit g) <em>\u201dViza anual\u0103 pentru exercitarea profesiei de c\u0103tre exper\u021bii contabili \u015fi contabilii autoriza\u0163i se acord\u0103 dac\u0103 au fost \u00eendeplinite cumulativ urm\u0103toarele condi\u021bii: (\u2026) g) parcurgerea programului de formare profesional\u0103 continu\u0103 organizat de CECCAR, conform PNDPC.\u201d<\/em><\/p><p style=\"text-align: justify;\">Potrivit art. 1 pct. A.1 din Sistemul de cotiza\u0163ii \u00een cadrul CECCAR forma actualizat\u0103 cu modific\u0103rile aprobate de Consiliul Superior CECCAR ne.19\/532 din 27.09.2019, <em>\u201c\u00een baza cotiza\u0163iei anuale achitate, membrii beneficiaz\u0103 gratuit <strong>doar pentru anul aferent cotiza\u021biei<\/strong>, de cursurile de formare profesional\u0103 continu\u0103\u201d.<\/em><\/p><p style=\"text-align: justify;\">Astfel, membrii care nu particip\u0103 la cursurile de formare profesional\u0103 continu\u0103 conform PNDPC, aferente anului \u00een curs, nu mai beneficiaz\u0103 de gratuitate.<\/p><p>Tariful pentru efectuarea cursurilor restante este de 60,5 lei\/ 10 ore (Cont bancar Banca Transilvania RO32BTRLRONCRT0V25815602 )<\/p>\t\t\t\t<\/div>\n\t\t\t<\/div>\n\t\t<\/div>\n\t\t\t<div class=\"panel\">\n\t\t\t<div class=\"panel-heading\" role=\"tab\" id=\"acc-heading-accordion-8e782fa447cac95b0f8e02c503ace105-2\">\n\t\t\t\t<h5 class=\"panel-title\">\n\t\t\t\t\t<a class=\"collapsed\" data-toggle=\"collapse\" data-parent=\"#accordion-8e782fa447cac95b0f8e02c503ace105\" href=\"#acc-tab-accordion-8e782fa447cac95b0f8e02c503ace105-2\" aria-expanded=\"false\" aria-controls=\"acc-tab-accordion-8e782fa447cac95b0f8e02c503ace105-2\">\n\t\t\t\t\t\t Programul Na\u0163ional de Dezvoltare Profesional\u0103 Continu\u0103\t\t\t\t\t<\/a>\n\t\t\t\t<\/h5>\n\t\t\t<\/div>\n\t\t\t<div id=\"acc-tab-accordion-8e782fa447cac95b0f8e02c503ace105-2\" class=\"panel-collapse collapse \" role=\"tabpanel\" aria-labelledby=\"acc-heading-accordion-8e782fa447cac95b0f8e02c503ace105-2\">\n\t\t\t\t<div class=\"panel-body\">\n\t\t\t\t\t<table style=\"width: 100%;\" border=\"0\"><tbody><tr><td align=\"left\" valign=\"top\"><p style=\"text-align: justify;\"><strong>Programul Na\u0163ional de Dezvoltare Profesional\u0103 Continu\u0103, edi\u0163ia a IV-a, revizuit\u0103<\/strong><\/p><p style=\"text-align: justify;\">CECCAR organizeaz\u0103 diferite forme de educa\u0163ie pentru profesioni\u015ftii contabili prin intermediul <span style=\"color: #0000ff;\"><strong><a style=\"color: #0000ff;\" href=\"http:\/\/ceccar.ro\/ro\/wp-content\/uploads\/2015\/11\/PNDPC-ed-IV-2015.pdf\" target=\"_blank\" rel=\"noopener\">Programului Na\u0163ional de Dezvoltare Profesionala Continu\u0103<\/a><\/strong><\/span> la nivelul celor 42 de filiale teritoriale ale Corpului.<\/p><p style=\"text-align: justify;\">Conform Standardului profesional nr. 38 emis de CECCAR, \u00een vederea men\u0163inerii unui grad ridicat de preg\u0103tire \u015fi competen\u0163\u0103 \u00een activitate, to\u0163i profesioni\u015ftii contabili sunt obliga\u0163i s\u0103 efectueze orele de preg\u0103tire profesional\u0103 necesare ob\u0163inerii\u00a0 vizei anuale la disciplinele prev\u0103zute \u00een cadrul Programului Na\u0163ional de Dezvoltare Profesional\u0103 Continu\u0103.<\/p><p style=\"text-align: justify;\">Profesioni\u015ftii contabili membrii CECCAR sunt obliga\u0163i, la acordarea vizei anuale, s\u0103 completeze o declara\u0163ie pe propria r\u0103spundere \u00een ce prive\u015fte respectarea normelor de deontologie profesional\u0103 \u015fi frecventarea cursurilor de preg\u0103tire profesional\u0103 organizate de filial\u0103 sau institu\u0163iile, respectiv organismele profesionale recunoscute de CECCAR.<\/p><p style=\"text-align: justify;\">Informa\u0163iile despre organizarea cursurilor de preg\u0103tire profesional\u0103 \u015fi despre Calendarul cursurilor le pute\u0163i g\u0103si prin contactarea <a href=\"http:\/\/ceccar.ro\/ro\/?page_id=455\" target=\"_blank\" rel=\"noopener\">filialelor CECCAR<\/a>.<\/p><p>\u00a0 <strong>*\u00a0<em>Nu se mai aplic\u0103 art. 35, pag. 101-102<\/em><\/strong><\/td><td align=\"left\" valign=\"top\"><a href=\"http:\/\/ceccar.ro\/ro\/wp-content\/uploads\/2011\/09\/Coperta-PNDPC-2015.bmp\"><img loading=\"lazy\" decoding=\"async\" class=\"aligncenter size-full wp-image-5256\" title=\"Coperta PNDPC 2015\" src=\"http:\/\/ceccar.ro\/ro\/wp-content\/uploads\/2011\/09\/Coperta-PNDPC-2015.bmp\" alt=\"\" width=\"310\" height=\"448\" \/><\/a><\/td><\/tr><\/tbody><\/table>\t\t\t\t<\/div>\n\t\t\t<\/div>\n\t\t<\/div>\n\t\t\t<div class=\"panel\">\n\t\t\t<div class=\"panel-heading\" role=\"tab\" id=\"acc-heading-accordion-8e782fa447cac95b0f8e02c503ace105-3\">\n\t\t\t\t<h5 class=\"panel-title\">\n\t\t\t\t\t<a class=\"collapsed\" data-toggle=\"collapse\" data-parent=\"#accordion-8e782fa447cac95b0f8e02c503ace105\" href=\"#acc-tab-accordion-8e782fa447cac95b0f8e02c503ace105-3\" aria-expanded=\"false\" aria-controls=\"acc-tab-accordion-8e782fa447cac95b0f8e02c503ace105-3\">\n\t\t\t\t\t\t Echivalare ore preg\u0103tire profesional\u0103\t\t\t\t\t<\/a>\n\t\t\t\t<\/h5>\n\t\t\t<\/div>\n\t\t\t<div id=\"acc-tab-accordion-8e782fa447cac95b0f8e02c503ace105-3\" class=\"panel-collapse collapse \" role=\"tabpanel\" aria-labelledby=\"acc-heading-accordion-8e782fa447cac95b0f8e02c503ace105-3\">\n\t\t\t\t<div class=\"panel-body\">\n\t\t\t\t\t<p>Referitor la preg\u0103tirea profesional\u0103 anual\u0103 necesar\u0103 ob\u021binerii vizei de exercitare a profesiei \u00een anul 2020, v\u0103 comunic\u0103m c\u0103 <u>to\u021bi membrii<\/u> trebuie s\u0103 parcurg\u0103 orele de formare profesional\u0103 pentru anul 2019 (40 ore\/an).<\/p><ul><li>Membrii activi ai CECCAR care au efectuat orele de preg\u0103tire profesional\u0103 ca membrii activi ai Camerei Auditorilor Financiari din Rom\u00e2nia (CAFR), <u>pot beneficia<\/u> de echivalarea unui num\u0103r de maxim 16 ore preg\u0103tire profesional\u0103, urm\u00e2nd ca diferen\u021ba de 24 ore s\u0103 se efectueze \u00een cadrul CECCAR;<\/li><li>Membrii activi ai CECCAR care au efectuat orele de preg\u0103tire profesional\u0103 ca membrii activi ai Camerei Consultan\u021bilor Fiscali (CCF), <u>pot beneficia<\/u> de echivalarea unui num\u0103r de maxim 10 ore preg\u0103tire profesional\u0103, urm\u00e2nd ca diferen\u021ba de 30 ore s\u0103 se efectueze \u00een cadrul CECCAR;<\/li><li>Membrii activi ai CECCAR care au efectuat orele de preg\u0103tire profesional\u0103 ca membrii activi ai Institutului Na\u021bional de Preg\u0103tire a Practicienilor \u00een Insolven\u021b\u0103 (INPPI), pot beneficia de echivalarea unui num\u0103r maxim de 4 ore preg\u0103tire profesional\u0103,\u00a0urm\u00e2nd ca diferen\u021ba de ore s\u0103 se efectueze \u00een cadrul CECCAR;<\/li><li>Membrii CECCAR care au efectuat \u00een anul 2018 ore de preg\u0103tire profesional\u0103 ca membrii ai Association of Chartered Certified Accountants (ACCA), <u>nu pot beneficia<\/u> de echivalarea acestora \u00een vederea ob\u021binerii vizei de exercitare a profesiei pentru anul 2019, \u00een acest sens fiind necesar\u0103 parcurgerea orelor de preg\u0103tire profesional\u0103 \u00een cadrul CECCAR.<\/li><\/ul>\t\t\t\t<\/div>\n\t\t\t<\/div>\n\t\t<\/div>\n\t<\/div>\t\t<\/div>\n\t<\/div>\n<\/div><\/div>\n\n<div class=\"fw-row\">\n\t<div id=\"column-69e363043db45\" class=\"fw-col-sm-12 tf-sh-f4c041459cf4d377a5e224ef510908b3\" >\n\t<div class=\"fw-wrap-col-inner clearfix  \"   >\n\t\t\t\t<div class=\"fw-col-inner\">\n\t\t\t<div class=\"fw-divider-space space-sm  clearfix\"  ><\/div>\t\t<\/div>\n\t<\/div>\n<\/div><\/div>\n\n\t<\/div>\n\t<\/section>\n","protected":false},"excerpt":{"rendered":"<p>Dezvoltare profesionala Calendar cursuri, seminarii, \u00eentruniri profesionale Informa\u0163ii utile Informare cu privire la preg\u0103tirea profesional\u0103 a membrilorReferitor la orele de preg\u0103tire profesional\u0103 pentru membri preciz\u0103m faptul c\u0103 din cele 40 ore CPD necesare pentru ob\u021binerea [&hellip;]<\/p>\n","protected":false},"author":1,"featured_media":0,"parent":310,"menu_order":0,"comment_status":"closed","ping_status":"closed","template":"visual-builder-template.php","meta":{"footnotes":""},"class_list":["post-314","page","type-page","status-publish","hentry"],"brizy_media":[],"_links":{"self":[{"href":"https:\/\/ceccarbucuresti.ro\/ro\/wp-json\/wp\/v2\/pages\/314","targetHints":{"allow":["GET"]}}],"collection":[{"href":"https:\/\/ceccarbucuresti.ro\/ro\/wp-json\/wp\/v2\/pages"}],"about":[{"href":"https:\/\/ceccarbucuresti.ro\/ro\/wp-json\/wp\/v2\/types\/page"}],"author":[{"embeddable":true,"href":"https:\/\/ceccarbucuresti.ro\/ro\/wp-json\/wp\/v2\/users\/1"}],"replies":[{"embeddable":true,"href":"https:\/\/ceccarbucuresti.ro\/ro\/wp-json\/wp\/v2\/comments?post=314"}],"version-history":[{"count":133,"href":"https:\/\/ceccarbucuresti.ro\/ro\/wp-json\/wp\/v2\/pages\/314\/revisions"}],"predecessor-version":[{"id":13847,"href":"https:\/\/ceccarbucuresti.ro\/ro\/wp-json\/wp\/v2\/pages\/314\/revisions\/13847"}],"up":[{"embeddable":true,"href":"https:\/\/ceccarbucuresti.ro\/ro\/wp-json\/wp\/v2\/pages\/310"}],"wp:attachment":[{"href":"https:\/\/ceccarbucuresti.ro\/ro\/wp-json\/wp\/v2\/media?parent=314"}],"curies":[{"name":"wp","href":"https:\/\/api.w.org\/{rel}","templated":true}]}}