{"id":300,"date":"2017-10-30T09:32:34","date_gmt":"2017-10-30T09:32:34","guid":{"rendered":"http:\/\/ceccarbrasov.ro\/?page_id=300"},"modified":"2019-10-25T17:30:25","modified_gmt":"2019-10-25T15:30:25","slug":"recunoasterea-calificarilor-profesionale","status":"publish","type":"page","link":"https:\/\/ceccarbucuresti.ro\/ro\/membri\/cum-devin-membru-ceccar\/recunoasterea-calificarilor-profesionale\/","title":{"rendered":"Recunoa\u0219terea calific\u0103rilor profesionale"},"content":{"rendered":"<section   class=\"fw-main-row  auto  fw-section-position-back\"    >\n\t\t\t<div class=\"fw-container\" >\n\t\t<div class=\"fw-row\">\n\t<div id=\"column-69dfb61b76d76\" class=\"fw-col-sm-12 tf-sh-4bf7de7076824fb4c351a6d1039d0743\" >\n\t<div class=\"fw-wrap-col-inner clearfix  \"   >\n\t\t\t\t<div class=\"fw-col-inner\">\n\t\t\t<div class=\"fw-text-box tf-sh-b4a496c23a94b122350f1c9e2210e50c \" >\n\t<div class=\"fw-text-inner\">\n\t\t<p><strong><span style=\"font-size: 12pt;\">Recunoa\u0219terea calific\u0103rilor profesionale<\/span><\/strong><\/p>\n\t<\/div>\n<\/div><div class=\"fw-divider-space space-sm  clearfix\"  ><\/div><div class=\"tf-sh-435841a89aa1e8b5e1a52a967d0eb145 fw-tabs fw-tabs-minimal fw-tabs-top \" >\n\t<ul class=\"nav nav-tabs nav-justified\">\n\t\t\t\t\t<li class=\"active\">\n\t\t\t\t<a href=\"#tab-cont-435841a89aa1e8b5e1a52a967d0eb145-1\" data-toggle=\"tab\">\n\t\t\t\t\t\n\t\t\t\t\t\t\t\t\t\t<span>Echivalarea calit\u0103\u0163ii de expert contabil \u00een baza titlului de doctor \u00een domeniile finan\u0163e\/contabilitate<\/span>\n\t\t\t\t<\/a>\n\t\t\t<\/li>\n\t\t\t\t\t\t\t\t<li >\n\t\t\t\t<a href=\"#tab-cont-435841a89aa1e8b5e1a52a967d0eb145-2\" data-toggle=\"tab\">\n\t\t\t\t\t\n\t\t\t\t\t\t\t\t\t\t<span>Recunoa\u015fterea calit\u0103\u0163ii de expert contabil sau contabil autorizat pentru cet\u0103\u0163enii care au dob\u00e2ndit calificarea pe teritoriul unor state membre ale UE<\/span>\n\t\t\t\t<\/a>\n\t\t\t<\/li>\n\t\t\t\t\t\t\t\t<li >\n\t\t\t\t<a href=\"#tab-cont-435841a89aa1e8b5e1a52a967d0eb145-3\" data-toggle=\"tab\">\n\t\t\t\t\t\n\t\t\t\t\t\t\t\t\t\t<span>Recunoa\u015fterea calit\u0103\u0163ii de expert contabil sau contabil autorizat pentru cet\u0103\u0163enii care au dob\u00e2ndit calificarea pe teritoriul unor state ter\u0163e (nemembre UE)<\/span>\n\t\t\t\t<\/a>\n\t\t\t<\/li>\n\t\t\t\t\t\t\t\t<li >\n\t\t\t\t<a href=\"#tab-cont-435841a89aa1e8b5e1a52a967d0eb145-4\" data-toggle=\"tab\">\n\t\t\t\t\t\n\t\t\t\t\t\t\t\t\t\t<span>Acordarea dreptului de exercitare a profesiei de expert contabil \u015fi contabil autorizat cet\u0103\u0163enilor altor state membre care doresc s\u0103 furnizeze servicii profesionale pe teritoriul Rom\u00e2niei, cu titlu temporar sau ocazional<\/span>\n\t\t\t\t<\/a>\n\t\t\t<\/li>\n\t\t\t\t\t\t\t\t<li >\n\t\t\t\t<a href=\"#tab-cont-435841a89aa1e8b5e1a52a967d0eb145-5\" data-toggle=\"tab\">\n\t\t\t\t\t\n\t\t\t\t\t\t\t\t\t\t<span>Modalitatea de recunoa\u015ftere a titlului profesional acordat de CECCAR pe teritoriul altor state<\/span>\n\t\t\t\t<\/a>\n\t\t\t<\/li>\n\t\t\t\t\t\t<\/ul>\n\n\t<div class=\"tab-content clearfix\">\n\t\t\t\t\t<div id=\"tab-cont-435841a89aa1e8b5e1a52a967d0eb145-1\"\n\t\t\t     class=\"tab-pane fade in active\">\n\t\t\t\t\n\t\t\t\t\t\t\t\t\t<p>La cerere, persoanele care au titlul de academician, profesorii \u015fi conferen\u0163iarii universitari, doctorii \u00een economie \u015fi doctorii docen\u0163i, cu specialitatea finan\u0163e sau contabilitate, au acces la profesia de expert contabil pe baza titlului de doctor, cu \u00eendeplinirea condi\u0163iilor prev\u0103zute la alin. (1) lit. a) \u015fi c) din O.G. 65\/1994 republicat\u0103, cu modific\u0103rile \u015fi complet\u0103rile ulterioare \u00a0\u015fi sus\u0163inerea unui interviu privind normele de organizare \u015fi func\u0163ionare a Corpului Exper\u0163ilor Contabili \u015fi Contabililor Autoriza\u0163i.<\/p><p>Participarea la interviul privind ob\u0163inerea calit\u0103\u0163ii de expert contabil \u00een baza titlului de doctor \u00een domeniile finan\u0163e\/contabilitate este condi\u0163ionat\u0103 de depunerea \u015fi aprobarea unui dosar care trebuie s\u0103 cuprind\u0103 urm\u0103toarele documente justificative:<\/p><ul><li>cererea de \u00eenscriere (<a title=\"Cerere\" href=\"http:\/\/ceccarbrasov.ro\/wp-content\/uploads\/2018\/10\/Cerere-doctor-economie.pdf\" target=\"_blank\" rel=\"noopener\">Anexa<\/a>);<\/li><li>act de identitate (BI \/ CI\/ pasaport);<\/li><li>actul de studii superioare (copie legalizat\u0103);<\/li><li>diploma de doctor, eliberat\u0103 de facult\u0103\u0163ile care au profilul de finan\u0163e \u015fi contabilitate, (copie legalizat\u0103);<\/li><li>cuprinsul tezei de doctorat, care trebuie s\u0103 se refere la unul din subi\u00adec\u00adtele privind specialitatea finan\u0163e \u015fi\/sau contabilitate,<\/li><li>rezumatul tezei de doctorat;<\/li><li>curriculum vitae;<\/li><li>certificat de cazier judiciar \u00een termen de valabilitate;<\/li><li>adeverin\u0163a medical\u0103 care atest\u0103 capacitatea de exerci\u0163iu deplin\u0103;<\/li><li>taxa de \u00eenscriere la interviu \u00een cuantum de 250 Euro (c\/v \u00een lei la cursul BNR din ziua pl\u0103\u0163ii). Taxa poate fi achitat\u0103 \u00een contul CECCAR nr. RO90 RNCB 0082 0441 8094 0020 BCR SUCURSALA UNIRII sau prin casierie, la Sediul Central al CECCAR sau la sediul\/contul filialelor teritoriale.<\/li><\/ul><p>Interviul vizeaz\u0103 cunoa\u015fterea legisla\u0163iei rom\u00e2ne\u015fti \u00een vigoare, \u00een domeniul organiz\u0103rii \u015fi func\u0163ion\u0103rii societ\u0103\u0163ilor comerciale, \u00een domeniul contabil \u015fi fiscal \u015fi const\u0103 \u00een prezentarea aspectelor relevante din teza de doctorat sus\u0163inut\u0103.<\/p><p>Dosarul de \u00eenscriere se poate depune la sediul CECCAR din Intrarea Pielari, nr.1, Sector 4, Bucuresti (de luni p\u00e2n\u0103 vineri \u00eentre orele 08.00 \u2013 16.00) sau \u00een cadrul filialelor CECCAR de domiciliu.<\/p>\t\t\t\t\t\t\t<\/div>\n\t\t\t\t\t\t<div id=\"tab-cont-435841a89aa1e8b5e1a52a967d0eb145-2\"\n\t\t\t     class=\"tab-pane fade \">\n\t\t\t\t\n\t\t\t\t\t\t\t\t\t<p>Cet\u0103\u0163enii unui alt stat membru al Uniunii Europene sau apar\u0163in\u00e2nd Spa\u0163iului Economic European ori Confedera\u0163iei Elve\u0163iene \u015fi cet\u0103\u0163enii rom\u00e2ni care au dob\u00e2ndit calitatea de expert contabil sau de contabil autorizat \u00eentr-un alt stat membru al Uniunii Europene sau apar\u0163in\u00e2nd Spa\u0163iului Economic European ori Confedera\u0163iei Elve\u0163iene, calitate certificat\u0103 de organismele profesionale recunoscute \u00een acele state, se pot \u00eenscrie \u00een Tabloul Corpului, \u00een vederea exercit\u0103rii profesiei \u00een Rom\u00e2nia, dup\u0103 sus\u0163inerea \u015fi promovarea interviului prev\u0103zut de legisla\u0163ia \u00een vigoare.<\/p><p>Pentru participarea la interviu este necesar\u0103 depunerea unui dosar de \u00eenscriere care trebuie s\u0103 con\u0163in\u0103 urm\u0103toarele documente justificative:<\/p><ul><li>cererea de inscriere (<a href=\"http:\/\/ceccarbrasov.ro\/wp-content\/uploads\/2018\/10\/Anexata.pdf\">Anexa<\/a>);<\/li><li>actul de indentitate\/pa\u015faport;<\/li><li>actul de studii superioare (copie tradus\u0103 \u015fi legalizat\u0103);<\/li><li>atestatul de competen\u0163\u0103 profesional\u0103\/certificatul de practic\u0103 sau documentul care atest\u0103 titlul de calificare prin care este asigurat accesul la profesia contabil\u0103 (copie tradus\u0103 \u015fi legalizat\u0103);<\/li><li>un document emis din partea autorit\u0103\u0163ii competente care s\u0103 ateste:<\/li><li>etapele parcurse pentru ob\u0163inerea titlului profesional,<\/li><li>dovada faptului c\u0103 sunte\u0163i membru activ\/cu drept de exercitare a profesiei contabile \u00een cadrul autorit\u0103\u0163ii competente;<\/li><li>dovada faptului c\u0103 nu a fost dispus\u0103 nicio sanc\u0163iune disciplinar\u0103 de la data ob\u0163inerii titlului profesional;<\/li><li>alte acte privind specialit\u0103\u0163ile dob\u00e2ndite;<\/li><li>curriculum vitae;<\/li><li>certificat de cazier judiciar cu termen de valabilitate neexpirat;<\/li><li>actul medical care s\u0103 ateste capacitatea de exerci\u0163iu deplin\u0103;<\/li><li>taxa de \u00eenscriere la interviu \u00een cuantum de 1500 Euro (c\/v \u00een lei la cursul BNR din ziua pl\u0103\u0163ii). Taxa poate fi achitat\u0103 \u00een contul CECCAR nr. RO90 RNCB 0082 0441 8094 0020 BCR SUCURSALA UNIRII.<\/li><\/ul><p>Recunoa\u015fterea titlului de expert contabil \u00een baza calific\u0103rii profesionale ob\u0163inute pe teritoriul altui stat membru este reglementat\u0103 de Directiva 2005\/36 privind recunoa\u015fterea calific\u0103rilor profesionale.<\/p><p>Potrivit art. 4 din actul normativ mai sus men\u0163ionat recunoa\u0219terea calific\u0103rilor profesionale de c\u0103tre statul membru gazd\u0103 permite beneficiarilor s\u0103 aib\u0103 acces, \u00een respectivul stat membru, la aceea\u0219i profesie ca cea pentru care sunt califica\u021bi \u00een statul membru de origine \u0219i s\u0103 o exercite \u00een statul membru gazd\u0103 \u00een acelea\u0219i condi\u021bii ca \u0219i resortisan\u021bii acestuia.<\/p><p>\u00cen sensul prezentei directive, profesia pe care solicitantul dore\u0219te s\u0103 o exercite \u00een statul membru gazd\u0103 este aceea\u0219i cu cea pentru care este calificat \u00een statul membru de origine \u00een cazul \u00een care activit\u0103\u021bile respective sunt comparabile.<\/p><p>De asemenea, potrivit art. 14 din Directiv\u0103 statul membru gazd\u0103 poate impune solicitantului s\u0103 urmeze un stagiu de adaptare de cel mult trei ani sau s\u0103 sus\u0163in\u0103 o prob\u0103 de aptitudini, \u00een urm\u0103toarele cazuri:<\/p><ol><li>formarea pe care a urmat-o solicitantul acoper\u0103 discipline semnificativ diferite de cele cuprinse \u00een titlul de calificare necesar \u00een statul membru gazd\u0103;<\/li><li>profesia reglementat\u0103 \u00een statul membru gazd\u0103 cuprinde una sau mai multe activit\u0103\u021bi profesionale reglementate care nu exist\u0103 \u00een profesia similar\u0103 \u00een statul membru de origine al solicitantului iar formarea care este necesar\u0103 \u00een statul membru gazd\u0103 include discipline semnificativ diferite de cele cuprinse \u00een atestatul de competen\u021b\u0103 sau de titlul de calificare pe care \u00eel posed\u0103 solicitantul.<\/li><\/ol><p>Interviul se va sus\u0163ine \u00een limba rom\u00e2n\u0103 \u015fi vizeaz\u0103 cunoa\u015fterea legisla\u0163iei rom\u00e2ne\u015fti \u00een vigoare, \u00een domeniul organiz\u0103rii \u015fi func\u0163ion\u0103rii societ\u0103\u0163ilor comerciale, \u00een domeniul contabil \u015fi fiscal \u015fi const\u0103 \u00een prezentarea \u015fi sus\u0163inerea unei lucr\u0103ri \u00een care s\u0103 fie tratate probleme de contabilitate, de fiscalitate \u015fi de organizare \u015fi func\u0163ionare a unei societ\u0103\u0163i comerciale.<\/p><p>Potrivit art. 53 Directiva 2005\/36 privind recunoa\u015fterea calific\u0103rilor profesionale, profesioni\u015ftii care beneficiaz\u0103 de recunoa\u015fterea calific\u0103rilor profesionale au de asemenea cuno\u015ftin\u0163e lingvistice necesare pentru exercitarea profesiei \u00een statul membru gazd\u0103<strong>.<\/strong><\/p>\t\t\t\t\t\t\t<\/div>\n\t\t\t\t\t\t<div id=\"tab-cont-435841a89aa1e8b5e1a52a967d0eb145-3\"\n\t\t\t     class=\"tab-pane fade \">\n\t\t\t\t\n\t\t\t\t\t\t\t\t\t<p>Potrivit art. 26 din O.G. 65\/1994 persoanele fizice str\u0103ine pot exercita activitatea de expert contabil sau de contabil autorizat, potrivit prevederilor prezentei ordonan\u0163e, dac\u0103 \u00een \u0163\u0103rile lor au aceast\u0103 calitate, respectiv exercit\u0103 \u00een mod legal aceste activit\u0103\u0163i, \u00een condi\u0163iile stabilite prin conven\u0163iile bilaterale \u00eencheiate \u00een acest scop de Rom\u00e2nia cu alte state, \u015fi dac\u0103 au sus\u0163inut, potrivit normelor elaborate \u00een acest sens de Corpul Exper\u0163ilor Contabili \u015fi Contabililor Autoriza\u0163i din Rom\u00e2nia, interviul viz\u00e2nd cunoa\u015fterea legisla\u0163iei na\u0163ionale \u00een domeniul organiz\u0103rii \u015fi func\u0163ion\u0103rii societ\u0103\u0163ilor, precum \u015fi a celei fiscale \u015fi contabile.<\/p><p>\u00cen situa\u0163ia \u00een care nu exist\u0103 un acord bilateral \u00eencheiat \u00eentre CECCAR \u015fi autoritatea competent\u0103 din statul de origine al persoanei interesate de recunoa\u015fterea calific\u0103rii profesionale, dob\u00e2ndirea titlului de expert contabil este realizat\u0103 potrivit prevederilor O.G. 65\/1994 republicat\u0103, cu modific\u0103rile \u015fi complet\u0103rile ulterioare, respectiv sus\u0163inerea \u015fi promovarea examenului de admitere, efectuarea stagiului de trei ani \u015fi sus\u0163inerea \u015fi promovarea examenului de aptitudini.<\/p><p>Interviul se va sus\u0163ine \u00een limba rom\u00e2n\u0103 \u015fi vizeaz\u0103 cunoa\u015fterea legisla\u0163iei legisla\u0163iei na\u0163ionale \u00een domeniul organiz\u0103rii \u015fi func\u0163ion\u0103rii societ\u0103\u0163ilor, precum \u015fi a celei fiscale \u015fi contabile \u015fi const\u0103 \u00een prezentarea \u015fi sus\u0163inerea unei lucr\u0103ri \u00een care s\u0103 fie tratate probleme de contabilitate, de fiscalitate \u015fi de organizare \u015fi func\u0163ionare a unei societ\u0103\u0163i comerciale.<\/p><p>Potrivit reglement\u0103rilor \u00een vigoare profesioni\u015ftii care beneficiaz\u0103 de recunoa\u015fterea calific\u0103rilor profesionale au de asemenea cuno\u015ftin\u0163e lingvistice necesare pentru exercitarea profesiei \u00een statul membru gazd\u0103<strong><em>.<\/em><\/strong><\/p>\t\t\t\t\t\t\t<\/div>\n\t\t\t\t\t\t<div id=\"tab-cont-435841a89aa1e8b5e1a52a967d0eb145-4\"\n\t\t\t     class=\"tab-pane fade \">\n\t\t\t\t\n\t\t\t\t\t\t\t\t\t<h5>Acordarea dreptului de exercitare a profesiei de expert contabil \u015fi contabil autorizat cet\u0103\u0163enilor altor state membre care doresc s\u0103 furnizeze servicii profesionale pe teritoriul Rom\u00e2niei, cu titlu temporar sau ocazional este condi\u0163ionat\u0103 de depunerea la CECCAR a unui dosar care s\u0103 con\u0163in\u0103 urm\u0103toarele documente\/informa\u0163ii:<\/h5><ul><li>declara\u0163ia scris\u0103, potrivit <a href=\"http:\/\/ceccarbrasov.ro\/wp-content\/uploads\/2018\/10\/Declaratie.pdf\">modelului<\/a>,\u00a0care s\u0103 cuprind\u0103 informa\u0163iile privind serviciile pe care le va presta persoana interesat\u0103, acoperirea asigur\u0103rii sau alte mijloace de protec\u0163ie personal\u0103 ori colectiv\u0103 privind r\u0103spunderea profesional\u0103. Declara\u0163ia se depune dac\u0103 solicitantul se afl\u0103 la prima cerere \u00een Rom\u00e2nia ori dac\u0103 intervine o modificare substan\u0163ial\u0103 a situa\u0163iei sale \u015fi se re\u00eennoie\u015fte o dat\u0103 pe an dac\u0103 prestatorul inten\u0163ioneaz\u0103 s\u0103 reia furnizarea serviciilor profesionale cu titlu temporar sau ocazional;<\/li><li>dovada cet\u0103\u0163eniei solicitantului \u00eentr-unul din statele membre ale Uniunii Europene sau apar\u0163in\u00e2nd Spa\u0163iului Economic European ori Confedera\u0163iei Elve\u0163iene;<\/li><li>atestatul de cunoa\u015ftere a limbii rom\u00e2ne;<\/li><li>dovada calific\u0103rii profesionale;<\/li><li>dovada din care s\u0103 rezulte domiciliul stabil \u00eentr-un stat membru al Uniunii Europene sau apar\u0163in\u00e2nd Spa\u0163iului Economic European ori Confedera\u0163iei Elve\u0163iene \u015fi c\u0103 nu \u00eei este interzis s\u0103 practice profesia, chiar \u015fi cu caracter temporar, la momentul eliber\u0103rii acesteia;<\/li><li>dovada din care s\u0103 rezulte a desf\u0103\u015furat o activitate specific\u0103 profesiei de expert contabil sau de contabil autorizat timp de cel pu\u0163in 2 ani \u00een decursul ultimilor 10 ani, pentru cazul \u00een care profesia nu este reglementat\u0103 \u00een statul \u00een care este stabilit;<\/li><li>dovada achit\u0103rii taxei de analiz\u0103 a dosarului.<\/li><\/ul><p>Con\u0163inutul dosarului are drept temei legal <a title=\"Ordonan\u0163a nr. 65\/19 august 1994\" href=\"http:\/\/ceccarbrasov.ro\/?page_id=623\" target=\"_blank\" rel=\"noopener\">art. 26 din O.G. nr.65\/1994<\/a>, republicat\u0103, cu modific\u0103rile \u015fi complet\u0103rile ulterioare \u015fi Procedurile de acordare a dreptului de exercitare a profesiei de expert contabil \u015fi contabil autorizat cet\u0103\u0163enilor str\u0103ini care doresc s\u0103 presteze profesia \u00een Rom\u00e2nia, cu titlu temporar sau ocazional, aprobate prin Decizia Biroului Permanent al CECCAR, nr. 13\/304 din 21 martie 2013.<\/p>\t\t\t\t\t\t\t<\/div>\n\t\t\t\t\t\t<div id=\"tab-cont-435841a89aa1e8b5e1a52a967d0eb145-5\"\n\t\t\t     class=\"tab-pane fade \">\n\t\t\t\t\n\t\t\t\t\t\t\t\t\t<p>\u00cen temeiul art. 36, alin. (1) din Legea nr. 200 din 25 mai 2004 privind recunoa\u015fterea diplomelor \u015fi calific\u0103rilor profesionale pentru profesiile reglementate din Rom\u00e2nia \u201cCet\u0103\u0163enii rom\u00e2ni sau cet\u0103\u0163enii unui stat membru, de\u0163in\u0103tori ai unui titlu oficial de calificare rom\u00e2n, care vor s\u0103 dovedeasc\u0103, pentru a se putea stabili \u00eentr-un stat membru, c\u0103 au exercitat efectiv \u015fi legal o profesie reglementat\u0103 \u00een Rom\u00e2nia \u00een decursul unei anumite perioade, adreseaz\u0103 o cerere \u00een acest sens autorit\u0103\u0163ilor rom\u00e2ne. Autoritatea rom\u00e2n\u0103 competent\u0103 elibereaz\u0103 solicitantului o adeverin\u0163\u0103, care reprezint\u0103 o dovad\u0103 suficient\u0103 a acestui fapt.\u201d<\/p><p>\u00cen acest sens, profesioni\u015ftii contabili interesa\u0163i de eliberarea unui document care s\u0103 ateste statutul lor \u00een cadrul organismului profesional, precum \u015fi etapele urmate pentru dob\u00e2ndirea titlului profesional pot transmite la CECCAR o solicitare, \u00eenso\u0163it\u0103 de copia carnetului de membru \u015fi a c\u0103r\u0163ii de identitate.<\/p><p>Persoanele interesate de recunoa\u015fterea calific\u0103rilor profesionale au posibilitatea consult\u0103rii urm\u0103toarelor link-uri:<\/p><p><strong>La nivelul statelor membre<\/strong>:<\/p><p><a href=\"http:\/\/ec.europa.eu\/internal_market\/qualifications\/regprof\/index.cfm?action=map\">Comisia European\u0103\u00a0a elaborat cu sprijinul autorit\u0103\u0163ilor competente\u00a0harta interactiv\u0103 a profesiilor reglementate din fiecare stat<\/a>,<\/p><p>Totodat\u0103, eviden\u0163a autorit\u0103\u0163ilor competente \u015fi a profesiilor reglementate, \u00een domeniul contabil, poate fi consultat\u0103<strong>\u00a0<a href=\"http:\/\/ec.europa.eu\/internal_market\/qualifications\/regprof\/index.cfm?action=regprofs\">\u00een Baza de date a profesiilor reglementate<\/a><\/strong><strong><u>,<\/u><\/strong> precum \u015fi<strong> <a href=\"http:\/\/www.fee.be\/index.php?option=com_content&amp;view=article&amp;id=23&amp;Itemid=242\">pe site-ul FEE (The Federation of European Accountants<\/a>)<\/strong><strong>.<\/strong><\/p><p><strong>La nivel interna\u0163ional<\/strong><strong>:<\/strong><\/p><p>Eviden\u0163a autorit\u0103\u0163ilor competente, \u00een domeniul profesiei contabile, <a href=\"http:\/\/www.ifac.org\/about-ifac\/membership\">poate fi consultat\u0103 pe site-ul IFAC (International Federation of Accountants)<\/a><\/p>\t\t\t\t\t\t\t<\/div>\n\t\t\t\t<\/div>\n<\/div><div class=\"fw-divider-space space-sm  clearfix\"  ><\/div>\t\t<\/div>\n\t<\/div>\n<\/div><\/div>\n\n\t<\/div>\n\t<\/section>\n","protected":false},"excerpt":{"rendered":"<p>Recunoa\u0219terea calific\u0103rilor profesionale Echivalarea calit\u0103\u0163ii de expert contabil \u00een baza titlului de doctor \u00een domeniile finan\u0163e\/contabilitate Recunoa\u015fterea calit\u0103\u0163ii de expert contabil sau contabil autorizat pentru cet\u0103\u0163enii care au dob\u00e2ndit calificarea pe teritoriul unor state membre [&hellip;]<\/p>\n","protected":false},"author":1,"featured_media":0,"parent":288,"menu_order":0,"comment_status":"closed","ping_status":"closed","template":"visual-builder-template.php","meta":{"footnotes":""},"class_list":["post-300","page","type-page","status-publish","hentry"],"brizy_media":[],"_links":{"self":[{"href":"https:\/\/ceccarbucuresti.ro\/ro\/wp-json\/wp\/v2\/pages\/300","targetHints":{"allow":["GET"]}}],"collection":[{"href":"https:\/\/ceccarbucuresti.ro\/ro\/wp-json\/wp\/v2\/pages"}],"about":[{"href":"https:\/\/ceccarbucuresti.ro\/ro\/wp-json\/wp\/v2\/types\/page"}],"author":[{"embeddable":true,"href":"https:\/\/ceccarbucuresti.ro\/ro\/wp-json\/wp\/v2\/users\/1"}],"replies":[{"embeddable":true,"href":"https:\/\/ceccarbucuresti.ro\/ro\/wp-json\/wp\/v2\/comments?post=300"}],"version-history":[{"count":21,"href":"https:\/\/ceccarbucuresti.ro\/ro\/wp-json\/wp\/v2\/pages\/300\/revisions"}],"predecessor-version":[{"id":1665,"href":"https:\/\/ceccarbucuresti.ro\/ro\/wp-json\/wp\/v2\/pages\/300\/revisions\/1665"}],"up":[{"embeddable":true,"href":"https:\/\/ceccarbucuresti.ro\/ro\/wp-json\/wp\/v2\/pages\/288"}],"wp:attachment":[{"href":"https:\/\/ceccarbucuresti.ro\/ro\/wp-json\/wp\/v2\/media?parent=300"}],"curies":[{"name":"wp","href":"https:\/\/api.w.org\/{rel}","templated":true}]}}