{"id":1779,"date":"2019-11-14T12:37:22","date_gmt":"2019-11-14T10:37:22","guid":{"rendered":"https:\/\/ceccarbucuresti.ro\/ro\/?page_id=1779"},"modified":"2019-11-21T11:36:35","modified_gmt":"2019-11-21T09:36:35","slug":"balul-profesiei-contabile","status":"publish","type":"page","link":"https:\/\/ceccarbucuresti.ro\/ro\/evenimente\/balul-profesiei-contabile\/","title":{"rendered":"Balul profesiei contabile"},"content":{"rendered":"<section   class=\"fw-main-row  auto  fw-section-position-back\"    >\n\t\t\t<div class=\"fw-container\" >\n\t\t<div class=\"fw-row\">\n\t<div id=\"column-69e34eff41623\" class=\"fw-col-sm-12 tf-sh-4bf7de7076824fb4c351a6d1039d0743\" >\n\t<div class=\"fw-wrap-col-inner clearfix  \"   >\n\t\t\t\t<div class=\"fw-col-inner\">\n\t\t\t<div class=\"fw-text-box tf-sh-b4a496c23a94b122350f1c9e2210e50c \" >\n\t<div class=\"fw-text-inner\">\n\t\t<p><strong><span style=\"font-size: 12pt;\">Balul profesiei contabile<br \/><\/span><\/strong><\/p>\n\t<\/div>\n<\/div><div class=\"fw-divider-space space-sm  clearfix\"  ><\/div><div class=\"tf-sh-435841a89aa1e8b5e1a52a967d0eb145 fw-tabs fw-tabs-minimal fw-tabs-top \" >\n\t<ul class=\"nav nav-tabs nav-justified\">\n\t\t\t\t\t<li class=\"active\">\n\t\t\t\t<a href=\"#tab-cont-435841a89aa1e8b5e1a52a967d0eb145-1\" data-toggle=\"tab\">\n\t\t\t\t\t\n\t\t\t\t\t\t\t\t\t\t<span>Balul profesiei contabile 2019<\/span>\n\t\t\t\t<\/a>\n\t\t\t<\/li>\n\t\t\t\t\t\t\t\t<li >\n\t\t\t\t<a href=\"#tab-cont-435841a89aa1e8b5e1a52a967d0eb145-2\" data-toggle=\"tab\">\n\t\t\t\t\t\n\t\t\t\t\t\t\t\t\t\t<span>Balul profesiei contabile 2017<\/span>\n\t\t\t\t<\/a>\n\t\t\t<\/li>\n\t\t\t\t\t\t<\/ul>\n\n\t<div class=\"tab-content clearfix\">\n\t\t\t\t\t<div id=\"tab-cont-435841a89aa1e8b5e1a52a967d0eb145-1\"\n\t\t\t     class=\"tab-pane fade in active\">\n\t\t\t\t\n\t\t\t\t\t\t\t\t\t<p><strong>Dragi colegi,<\/strong><\/p><p style=\"text-align: justify;\">A venit momentul s\u0103 v\u0103 invit\u0103m la cea de-a treia edi\u021bie a\u00a0<em><strong>Balului profesiei contabile<\/strong><\/em>\u00a0\u2013\u00a0<strong>Edi\u021bie\u00a0de Cr\u0103ciun<\/strong>\u00a0\u2013, eveniment ce va avea loc \u00een preajma S\u0103rb\u0103torilor de iarn\u0103.<\/p><p style=\"text-align: justify;\">Ath\u00e9n\u00e9e Palace Hilton \u2013 Le Diplomate Ballroom va fi gazda noastr\u0103 \u00een seara de\u00a0<strong>10 decembrie<\/strong>\u00a0a.c., \u00eencep\u00e2nd cu\u00a0<strong>ora 19.00<\/strong>.<\/p><p style=\"text-align: justify;\">Bucate alese, b\u0103uturi pentru toate gusturile \u0219i momente artistice deosebite vor \u00eentregi filmul unui eveniment, sper\u0103m noi, de neuitat.<\/p><p style=\"text-align: justify;\">Ne vor fi al\u0103turi reprezentan\u021bi ai partenerilor no\u0219tri, institu\u021bii, autorit\u0103\u021bi de reglementare \u0219i patronate.<\/p><p style=\"text-align: justify;\">Contravaloarea meniului este de 200 de lei\/persoan\u0103, sum\u0103 care poate fi achitat\u0103 \u00een contul RO12RNCB0082044180940260 deschis la BCR, Sucursala Unirea, sau numerar, la sediul filialei. V\u0103 rug\u0103m ca pe OP s\u0103 specifica\u021bi:\u00a0<em>Balul profesiei contabile<\/em>\u00a0\u0219i numele complet al participantului\/participan\u021bilor.<\/p><p style=\"text-align: justify;\">\u0218i pentru c\u0103 timpul se scurge cu repeziciune, a\u0219tept\u0103m s\u0103 v\u0103 \u00eenscrie\u021bi la eveniment,\u00a0<strong>p\u00e2n\u0103 la data de 25 noiembrie<\/strong>\u00a0a.c., prin:\u00a0<strong>completarea \u0219i transmiterea formularului disponibil pe site-ul nostru, plata taxei de participare \u0219i transmiterea OP-ului prin e-mail, la adresa\u00a0<\/strong><strong><a href=\"mailto:bal@ceccarbuc.ro\">bal@ceccarbuc.ro<\/a><\/strong><strong>, \u00een maximum 48 de ore de la data \u00eenscrierii.<\/strong><\/p><p style=\"text-align: justify;\"><strong>Plata meniului f\u0103r\u0103 completarea \u0219i transmiterea formularului nu v\u0103 asigur\u0103 \u00eenscrierea la eveniment.<\/strong><\/p><p style=\"text-align: justify;\"><strong>Anularea \u00eenscrierii<\/strong>\u00a0la eveniment se poate face exclusiv prin e-mail transmis la adresa\u00a0<a href=\"mailto:bal@ceccarbuc.ro\">bal@ceccarbuc.ro<\/a>\u00a0p\u00e2n\u0103 la aceea\u0219i dat\u0103 \u2013 25 noiembrie 2019. Dup\u0103 aceast\u0103 dat\u0103, \u00a0nicio anulare nu va fi luat\u0103 \u00een considerare, motiv pentru care nu vi se va restitui suma achitat\u0103.<\/p><p style=\"text-align: justify;\">\u00cen cazul \u00een care o persoan\u0103 \u00eenscris\u0103 la eveniment nu mai poate participa, are posibilitatea\u00a0<strong>schimb\u0103rii numelui participantului\u00a0<\/strong>p\u00e2n\u0103 la data de\u00a0<strong>9 decembrie 2019<\/strong>, prin notificare transmis\u0103 la adresa <a href=\"mailto:bal@ceccarbuc.ro\">bal@ceccarbuc.ro<\/a>. Nicio modificare de nume comunicat\u0103 dup\u0103 aceast\u0103 dat\u0103 nu va fi luat\u0103 \u00een considerare.<\/p><p style=\"text-align: justify;\">Pentru orice\u00a0<strong>informa\u021bii suplimentare<\/strong>\u00a0ne pute\u021bi contacta prin e-mail, la adresa\u00a0<strong><a href=\"mailto:bal@ceccarbuc.ro\">bal@ceccarbuc.ro<\/a><\/strong>.<\/p><p style=\"text-align: justify;\">\u00censcrierile se vor face \u00een limita locurilor disponibile.<\/p><p style=\"text-align: justify;\">Participarea este condi\u021bionat\u0103 de \u00eendeplinirea obliga\u021biilor profesionale fa\u021b\u0103 de Corp.<\/p><p style=\"text-align: justify;\">Formular de \u00eenscriere - <a href=\"https:\/\/docs.google.com\/forms\/d\/e\/1FAIpQLSfwo4u3uh843ZxOA38LApGdGyKxarH8OToYv2M1sUotCaMYUA\/viewform\">click aici<\/a><\/p><p style=\"text-align: justify;\">V\u0103 mul\u021bumim \u0219i v\u0103 a\u0219tept\u0103m cu drag!<\/p><p style=\"text-align: justify;\"><em>Evenimentul impune \u021binut\u0103 de sear\u0103.<\/em><\/p><p>&nbsp;<\/p><p style=\"text-align: center;\"><strong>Programul evenimentului<img loading=\"lazy\" decoding=\"async\" class=\"aligncenter size-large wp-image-1822\" src=\"https:\/\/ceccarbucuresti.ro\/ro\/wp-content\/uploads\/2019\/11\/Program-720x1024.jpg\" alt=\"\" width=\"720\" height=\"1024\" srcset=\"https:\/\/ceccarbucuresti.ro\/ro\/wp-content\/uploads\/2019\/11\/Program-720x1024.jpg 720w, https:\/\/ceccarbucuresti.ro\/ro\/wp-content\/uploads\/2019\/11\/Program-211x300.jpg 211w, https:\/\/ceccarbucuresti.ro\/ro\/wp-content\/uploads\/2019\/11\/Program-768x1093.jpg 768w, https:\/\/ceccarbucuresti.ro\/ro\/wp-content\/uploads\/2019\/11\/Program.jpg 1741w\" sizes=\"auto, (max-width: 720px) 100vw, 720px\" \/><\/strong><\/p><p>&nbsp;<\/p>\t\t\t\t\t\t\t<\/div>\n\t\t\t\t\t\t<div id=\"tab-cont-435841a89aa1e8b5e1a52a967d0eb145-2\"\n\t\t\t     class=\"tab-pane fade \">\n\t\t\t\t\n\t\t\t\t\t\t\t\t\t<p>Stimate Doamne,<\/p><p>Stima\u021bi Domni,<\/p><p>&nbsp;<\/p><p>Doresc \u0219i pe aceast\u0103 cale s\u0103 v\u0103 mul\u021bumesc pentru faptul c\u0103 a\u021bi ales s\u0103 fim \u00eempreun\u0103 la prima edi\u021bie a <em>Balului profesiei contabile,<\/em> organizat de CECCAR Filiala Bucure\u0219ti, cu sprijinul D-lui Pre\u0219edinte al Consiliului Superior, prof. univ. dr. Robert Aurelian \u0218ova,\u00a0\u00een data de 22 septembrie a.c., \u00eencep\u00e2nd cu ora 20.00, la Hotel Radisson Blu din Bucure\u0219ti.<\/p><p>Cu ocazia acestui eveniment am demonstrat \u00eempreun\u0103 c\u0103 \u0219tim s\u0103 petrecem a\u0219a cum \u0219tim s\u0103 muncim, adic\u0103 la cel mai \u00eenalt nivel.\u00a0A fost o sear\u0103 de neuitat, o petrecere special\u0103 de celebrare desfa\u0219urat\u0103 \u00eentr-o atmosfer\u0103 magic\u0103,\u00a0cu oameni rafina\u021bi \u0219i muzic\u0103 de bun\u0103 calitate,\u00a0un eveniment deosebit, plin de rafinament \u0219i elegan\u021b\u0103, cu tablouri celebre din GALERIA ROMAN\u0102. Dansurile \u0219i z\u00e2mbetele au fost cele mai bune barometre ale acestui prim <em>Bal al profesiei contabile.<\/em><\/p><p>V\u0103 mul\u021bumesc \u0219i astept de la dumneavoastr\u0103 poze \u0219i impresii pe adresa de e-mail presedinte@ceccarbuc.ro \u0219i\/sau pe WhatsApp, la num\u0103rul de telefon <a href=\"tel:0722%20621%20123\">0722 621 123<\/a>, pe care s\u0103 le str\u00e2ngem \u00eentr-un album dedicat nou\u0103, familiei CECCAR Filiala Bucure\u0219ti.<\/p><p>&nbsp;<\/p><p>Cu deosebit\u0103 considera\u021bie,<\/p><p>Pre\u0219edinte,<\/p><p><em>Andrei Aurel<\/em><\/p><p><em>Mul\u021bumim Galeria Roman\u0103,\u00a0<\/em><em> Alex Tri\u0219cariu, Raluca R\u0103ducanu, \u0218coala de dans Contessina<\/em><\/p><p>&nbsp;<\/p><hr \/><p><strong>Testimoniale <\/strong><strong><em>Balul Zilei Contabilului<\/em><\/strong><\/p><p><em>A fost o petrecere ca-n pove\u0219ti,<\/em><\/p><p><em>\u00centr-un local frumos \u0219i \u021binut\u0103 cum \u00ee\u021bi dore\u0219ti!<\/em><\/p><p><em>Multe alese \u0219i gustoase bucate,<\/em><\/p><p><em>S\u0103 le savurezi, ca la carte!<\/em><\/p><p><em>C\u00e2nt\u0103re\u021bi \u0219i o muzic\u0103 divin\u0103,<\/em><\/p><p><em>Ce \u00eendemnau pe ring lumea s\u0103 vin\u0103!<\/em><\/p><p><em>Dansatori clasici \u0219i populari,<\/em><\/p><p><em>Ce pluteau \u00een valsuri, s\u00e2rbe \u0219i hore mari!<\/em><\/p><p><em>Contabili vechi \u0219i tineri minuna\u021bi,<\/em><\/p><p><em>S-au sim\u021bit cu to\u021bii \u00eenc\u00e2nta\u021bi!<\/em><\/p><p><em>\u0218i pentru moment to\u021bi au uitat,<\/em><\/p><p><em>De bilan\u021buri \u0219i balan\u021be de verificare,<\/em><\/p><p><em>Conturi \u0219i declara\u021bii fiscale,<\/em><\/p><p><em>Calcule cu venituri \u0219i cheltuieli,<\/em><\/p><p><em>Impozit pe profit \u0219i alte socoteli.<\/em><\/p><p><em>C\u0103ci acum s-a demonstrat,<\/em><\/p><p><em>\u0218i frumos s-a ar\u0103tat,<\/em><\/p><p><em>La aceast\u0103 s\u0103rb\u0103toare,<\/em><\/p><p><em>C\u0103 CECCAR este o familie mare!<\/em><\/p><p><em>\u00cen \u00eencheiere v\u0103 dorim,<\/em><\/p><p><em>S\u0103n\u0103to\u0219i cu to\u021bii s\u0103 fim,<\/em><\/p><p><em>Momente bune s\u0103 tr\u0103im,<\/em><\/p><p><em>\u0218i mai mult s\u0103 ne unim!<\/em><\/p><p><em>Mult succes \u0219i fericire,<\/em><\/p><p><em>La mul\u021bi ani cu bucurie!<\/em><\/p><p>Octavia Voiculescu<\/p><hr \/><p><em>Felicit\u0103ri ini\u021biatorilor \u0219i organizatorilor celor dou\u0103 evenimente CECCAR, din 21 \u0219i 22 septembrie 2017!<\/em><\/p><p><em>Este timpul ca \u0219i profesia contabil\u0103, at\u00e2t de \u00eencercat\u0103 de vremuri \u0219i cople\u0219it\u0103 de responsabilit\u0103\u021bi, s\u0103 \u00eenceap\u0103 s\u0103 fie recunoscut\u0103 la adev\u0103rata ei valoare! \u00cen primul r\u00e2nd, noi trebuie s\u0103 ne respect\u0103m!<\/em><\/p><p><em>V\u0103 doresc o zi frumoas\u0103 \u0219i cu spor!<\/em><\/p><p>Dr. ec. Catalina MARINAS<\/p><hr \/><p><em>Felicit\u0103ri pentru acest eveniment deosebit!<\/em><\/p><p><em>Contabilitatea bucuriilor \u0219i magiei nu a intrat \u00een aria preocup\u0103rilor noastre, num\u0103rul \u0219i complexitatea fiind incomensurabile \ud83d\ude42 a\u0219a c\u0103 le vom p\u0103stra \u00een suflet p\u00e2n\u0103 la urm\u0103torul bal al profesiei contabile!<\/em><\/p><p><em>S\u0103 fie \u00eentr-un ceas bun! <\/em><\/p><p>Lect. univ. dr. Liliana MANEA<\/p><hr \/><p><em>Mul\u021bumim pentru oportunitatea de a fi \u00eempreun\u0103 la un astfel de eveniment!<\/em><\/p><p><em>Pot spune c\u0103 a fost la superlativ totul! <\/em><\/p><p><em>Felicit\u0103ri organizatorilor \u015fi sper\u0103m s\u0103 devin\u0103 un obicei. Via\u021ba nu \u00eenseamn\u0103 numai munc\u0103, e nevoie \u015fi de relaxare!\u00a0 Depinde de noi to\u021bi s\u0103 ne facem via\u021ba frumoas\u0103!<\/em><\/p><p><em>V\u0103 doresc s\u0103n\u0103tate \u015fi multe realiz\u0103ri!<\/em><\/p><p>Liliana Serban<\/p><hr \/><p><em>La \u00eenscrierea pentru participare la acest eveniment mi-am spus: de ce nu? Chiar dac\u0103 nu m\u0103 voi sim\u021bi bine, plec\u00e2nd de la faptul c\u0103 particip la primul eveniment din via\u021ba mea \u00een afara celor cu prietenii \u0219i, mai ales, f\u0103r\u0103 so\u021bul meu, mi-am spus c\u0103 va fi o experien\u021b\u0103! M\u0103rturisesc c\u0103 m-am sim\u021bit ca al\u0103turi de prieteni, oameni calzi, nescor\u021bo\u0219i dar mai ales plini de via\u021b\u0103 \u0219i energie, dornici de a se sim\u021bi bine. Mul\u021bumesc pentru ideea organiz\u0103rii, mul\u021bumesc celor ce \u0219i-au acordat din timpul lor s\u0103 organizeze un astfel de eveniment \u0219i \u00eemi doresc s\u0103 fie un \u00eenceput, s\u0103 nu r\u0103m\u00e2n\u0103 un eveniment izolat. <\/em><\/p><p>Expert contabil Tantica Stan<\/p><hr \/><p><em>V\u0103 felicit \u015fi v\u0103 mul\u0163umesc din tot sufletul! Totul a fost la superlativ at\u00e2t \u00een ziua de 21, c\u00e2t \u015fi \u00een 22!<\/em><\/p><p>Adriana \u015eerb<\/p><hr \/><p><em>Mul\u021bumim CECCAR pentru prima edi\u021bie a balului. A fost superb. <\/em><\/p><p><em>Sper\u0103m ca acest tip de evenimente s\u0103 devin\u0103 un obicei.<\/em><\/p><p><em>Ne dorim cu to\u021bii ca profesia noastr\u0103 s\u0103 fie respectat\u0103 mult mai mult acum, iar noi, exper\u021bii contabili \u0219i contabilii autoriza\u021bi, s\u0103 fim uni\u021bi, s\u0103 leg\u0103m prietenii, s\u0103 ne ajut\u0103m \u0219i s\u0103 ne respect\u0103m unii pe al\u021bii.<\/em><\/p><p><em>Sunte\u021bi minuna\u021bi to\u021bi!<\/em><\/p><p><em>V\u0103 doresc mult\u0103 s\u0103n\u0103tate \u0219i prosperitate.<\/em><\/p><p>Expert contabil Valentin Dumitru<\/p><hr \/><p><em>Stima\u021bi domni,<\/em><\/p><p><em>V\u0103 mul\u021bumim pentru ini\u021biativa minunat\u0103 pe care a\u021bi avut-o \u0219i pentru seara deosebit\u0103 petrecut\u0103 al\u0103turi de colegi.\u00a0<\/em><\/p><p><em>Felicit\u0103ri!<\/em><\/p><p>Felicia Rotariu<\/p><hr \/><p><img loading=\"lazy\" decoding=\"async\" class=\"alignright size-medium wp-image-1780\" src=\"https:\/\/ceccarbucuresti.ro\/ro\/wp-content\/uploads\/2019\/11\/bal_2017-300x300.jpg\" alt=\"\" width=\"300\" height=\"300\" srcset=\"https:\/\/ceccarbucuresti.ro\/ro\/wp-content\/uploads\/2019\/11\/bal_2017-300x300.jpg 300w, https:\/\/ceccarbucuresti.ro\/ro\/wp-content\/uploads\/2019\/11\/bal_2017-150x150.jpg 150w, https:\/\/ceccarbucuresti.ro\/ro\/wp-content\/uploads\/2019\/11\/bal_2017-65x65.jpg 65w, https:\/\/ceccarbucuresti.ro\/ro\/wp-content\/uploads\/2019\/11\/bal_2017.jpg 481w\" sizes=\"auto, (max-width: 300px) 100vw, 300px\" \/>Dragi Colegi,<\/p><p style=\"text-align: justify;\">CECCAR Filiala Bucure\u0219ti are deosebita pl\u0103cere de a v\u0103 invita la prima edi\u021bie a <em>BALULUI PROFESIEI CONTABILE <\/em>ce va fi organizat vineri, <strong>22 septembrie a.c., \u00eencep\u00e2nd cu ora 20.00<\/strong> \u00een cadrul Hotelului Radisson.<\/p><p style=\"text-align: justify;\">Am preg\u0103tit o sear\u0103 de neuitat, cu un program artistic \u0219i un decor adecvate evenimentului, m\u00e2nc\u0103ruri alese \u0219i o loca\u021bie des\u0103v\u00e2r\u0219it\u0103, care vor r\u0103m\u00e2ne cu siguran\u021b\u0103 printre frumoasele amintiri ale fiec\u0103ruia dintre dumneavoastr\u0103.<\/p><p style=\"text-align: justify;\"><em>Balul profesiei contabile din Rom\u00e2nia <\/em>este un eveniment de referin\u021b\u0103 pentru profesioni\u0219tii contabili iar contribu\u021bia dumneavoastr\u0103 cu multe z\u00e2mbete \u0219i voie bun\u0103 garanteaz\u0103 acest lucru.<\/p><p style=\"text-align: justify;\">Ne face o deosebit\u0103 pl\u0103cere s\u0103 ne fi\u021bi al\u0103turi la acest eveniment la care pute\u021bi participa \u00eenso\u021bi\u021bi de partener(\u0103).<\/p><p style=\"text-align: justify;\">Contravaloarea meniului este de 180 de lei\/persoan\u0103, sum\u0103 care poate fi achitat\u0103 \u00een contul RO56RZBR0000060006563472, deschis la Raiffeisen Bank sau \u00een numerar la sediul filialei.<\/p><p style=\"text-align: justify;\">Pentru confirmare, v\u0103 rug\u0103m s\u0103 ne transmite\u021bi numele si prenumele participan\u021bilor precum si o copie a OP-ului la adresa de e-mail <a href=\"mailto:evenimente@ceccar.ro\">evenimente@ceccar.ro<\/a>, p\u00e2n\u0103 la data de <strong>18 septembrie a.c<\/strong>. De asemenea pentru orice informa\u021bii suplimentare ne pute\u021bi contacta \u0219i la numerele de telefon 021.320.00.49\/39.<\/p><p style=\"text-align: justify;\">Av\u00e2nd \u00een vedere num\u0103rul limitat de locuri, v\u0103 rug\u0103m s\u0103 ave\u021bi in vedere c\u0103 \u00eenscrierile se vor face \u00een ordinea primirii confirm\u0103rilor de participare.<\/p><p style=\"text-align: justify;\"><a href=\"http:\/\/www.ceccarbucuresti.ro\/userfiles\/Program%20Bal.pdf\"><strong><em>Consultare program eveniment<\/em><\/strong><\/a><\/p><p style=\"text-align: justify;\">V\u0103 mul\u021bumim \u0219i v\u0103 a\u0219tept\u0103m cu drag!<\/p><p>&nbsp;<\/p><p>Pre\u0219edinte,<\/p><p>CECCAR Filiala Bucure\u0219ti<\/p><p>Andrei Aurel<\/p>\t\t\t\t\t\t\t<\/div>\n\t\t\t\t<\/div>\n<\/div><div class=\"fw-divider-space space-sm  clearfix\"  ><\/div>\t\t<\/div>\n\t<\/div>\n<\/div><\/div>\n\n\t<\/div>\n\t<\/section>\n","protected":false},"excerpt":{"rendered":"<p>Balul profesiei contabile Balul profesiei contabile 2019 Balul profesiei contabile 2017 Dragi colegi,A venit momentul s\u0103 v\u0103 invit\u0103m la cea de-a treia edi\u021bie a\u00a0Balului profesiei contabile\u00a0\u2013\u00a0Edi\u021bie\u00a0de Cr\u0103ciun\u00a0\u2013, eveniment ce va avea loc \u00een preajma S\u0103rb\u0103torilor [&hellip;]<\/p>\n","protected":false},"author":1,"featured_media":0,"parent":381,"menu_order":0,"comment_status":"closed","ping_status":"closed","template":"visual-builder-template.php","meta":{"footnotes":""},"class_list":["post-1779","page","type-page","status-publish","hentry"],"brizy_media":[],"_links":{"self":[{"href":"https:\/\/ceccarbucuresti.ro\/ro\/wp-json\/wp\/v2\/pages\/1779","targetHints":{"allow":["GET"]}}],"collection":[{"href":"https:\/\/ceccarbucuresti.ro\/ro\/wp-json\/wp\/v2\/pages"}],"about":[{"href":"https:\/\/ceccarbucuresti.ro\/ro\/wp-json\/wp\/v2\/types\/page"}],"author":[{"embeddable":true,"href":"https:\/\/ceccarbucuresti.ro\/ro\/wp-json\/wp\/v2\/users\/1"}],"replies":[{"embeddable":true,"href":"https:\/\/ceccarbucuresti.ro\/ro\/wp-json\/wp\/v2\/comments?post=1779"}],"version-history":[{"count":3,"href":"https:\/\/ceccarbucuresti.ro\/ro\/wp-json\/wp\/v2\/pages\/1779\/revisions"}],"predecessor-version":[{"id":1855,"href":"https:\/\/ceccarbucuresti.ro\/ro\/wp-json\/wp\/v2\/pages\/1779\/revisions\/1855"}],"up":[{"embeddable":true,"href":"https:\/\/ceccarbucuresti.ro\/ro\/wp-json\/wp\/v2\/pages\/381"}],"wp:attachment":[{"href":"https:\/\/ceccarbucuresti.ro\/ro\/wp-json\/wp\/v2\/media?parent=1779"}],"curies":[{"name":"wp","href":"https:\/\/api.w.org\/{rel}","templated":true}]}}